{"id":2433,"date":"2022-03-18T08:54:30","date_gmt":"2022-03-18T08:54:30","guid":{"rendered":"https:\/\/neuroquotient.com\/aviso-legal\/"},"modified":"2024-12-12T16:26:49","modified_gmt":"2024-12-12T16:26:49","slug":"avis-legal-i-privacitat","status":"publish","type":"page","link":"https:\/\/neuroquotient.com\/ca\/avis-legal-i-privacitat\/","title":{"rendered":"Av\u00eds Legal i Pol\u00edtica de Privacitat"},"content":{"rendered":"\t\t<div data-elementor-type=\"wp-page\" data-elementor-id=\"2433\" class=\"elementor elementor-2433 elementor-3\">\n\t\t\t\t\t\t<section class=\"elementor-section elementor-top-section elementor-element elementor-element-faad702 elementor-section-boxed elementor-section-height-default elementor-section-height-default\" data-id=\"faad702\" data-element_type=\"section\" data-e-type=\"section\">\n\t\t\t\t\t\t<div class=\"elementor-container elementor-column-gap-default\">\n\t\t\t\t\t<div class=\"elementor-column elementor-col-100 elementor-top-column elementor-element elementor-element-6a40f072\" data-id=\"6a40f072\" data-element_type=\"column\" data-e-type=\"column\">\n\t\t\t<div class=\"elementor-widget-wrap elementor-element-populated\">\n\t\t\t\t\t\t<div class=\"elementor-element elementor-element-3e105f66 elementor-widget__width-initial elementor-widget elementor-widget-text-editor\" data-id=\"3e105f66\" data-element_type=\"widget\" data-e-type=\"widget\" data-widget_type=\"text-editor.default\">\n\t\t\t\t<div class=\"elementor-widget-container\">\n\t\t\t\t\t\t\t\t\t<h2>I.<strong> AV\u00cdS LEGAL<\/strong><\/h2>\n<p><strong>IDENTIFICACI\u00d3<\/strong><\/p>\n<p style=\"text-align: left;\">En compliment amb el deure d\u2019informaci\u00f3 recollit en article 10 de la Llei 34\/2002, de 11 de juliol, de Serveis de la Societat de la Informaci\u00f3 i del Comer\u00e7 Electr\u00f2nic, JOSEP CALBET SALESAS (JOSEP CALBET SALESAS), li informa que les dades aqu\u00ed consignades corresponen a l\u2019entitat titular del lloc web neuroquotient.com.<\/p>\n<p><b>Denominaci\u00f3: <\/b>JOSEP CALBET SALESAS<\/p>\n<p><strong>Domicili<\/strong>: CL LES PAUS, 53 &#8211; 08202 SABADELL (Barcelona)<\/p>\n<p><strong>Tel\u00e8fon<\/strong>: 937267659<\/p>\n<p><strong>Email<\/strong>: info@neuroquotient.com<\/p>\n<p><strong>CIF<\/strong>: 39648097F<\/p>\n<p><strong>Inscripci\u00f3n registral<\/strong>:<\/p>\n<p><strong>PROPIETAT INTEL\u00b7LECTUAL I INDUSTRIAL<\/strong><\/p>\n<p>Tots els drets de propietat industrial i intel\u00b7lectual de la totalitat d\u2019elements continguts en aquesta web, incloses les marques comercials, formats, dissenys gr\u00e0fics, textos, imatges i documents, pertanyen a JOSEP CALBET SALESAS i es troben protegits per les lleis espanyoles i internacionals sobre propietat Intel\u00b7lectual i Industrial. Queda expressament prohibida la reproducci\u00f3 total o parcial d\u2019aquest lloc web i de qualsevol dels seus continguts sense el perm\u00eds expr\u00e9s i per escrit de JOSEP CALBET SALESAS.<br \/>\nL\u2019acc\u00e9s al lloc web no implica cap tipus de ren\u00fancia, transmissi\u00f3, llic\u00e8ncia o cessi\u00f3 d\u2019aquests drets per part de JOSEP CALBET SALESAS, llevat que s\u2019estableixi expressament el contrari.<\/p>\n<p><strong>CONDICIONS D&#8217;US<\/strong><\/p>\n<p>L\u2019acc\u00e9s a aquest lloc web implica l\u2019acceptaci\u00f3 d\u2019aquestes condicions d\u2019\u00fas sense reserves que regulen l\u2019acc\u00e9s i la utilitzaci\u00f3 del mateix per tal de posar a disposici\u00f3 dels usuaris informaci\u00f3 sobre els nostres productes.<br \/>\nEs prohibeix expressament la utilitzaci\u00f3 dels continguts d\u2019aquest lloc web per a la seva utilitzaci\u00f3 amb fins comercials o per a la seva distribuci\u00f3, transformaci\u00f3 o comunicaci\u00f3.<br \/>\nJOSEP CALBET SALESAS, no respondr\u00e0 de cap conseq\u00fc\u00e8ncia, dany o perjudici que poguessin derivar d\u2019aquesta utilitzaci\u00f3 o \u00fas de la informaci\u00f3.<br \/>\nTant l\u2019acc\u00e9s a aquest web com l\u2019\u00fas que pugui fer de la informaci\u00f3 continguda en la mateixa \u00e9s de l\u2019exclusiva responsabilitat de qui ho realitza.<br \/>\nL\u2019usuari s\u2019obliga a no utilitzar la informaci\u00f3 que es publica en aquest web amb fins o efectes il\u00b7l\u00edcits o lesius, a no danyar o inutilitzar la informaci\u00f3 ia no realitzar qualsevol altra acci\u00f3 que puguin ser contr\u00e0ria al contingut d\u2019aquest Av\u00eds Legal.<br \/>\nJOSEP CALBET SALESAS no pot assegurar la inexist\u00e8ncia d\u2019interrupcions o errors en l\u2019acc\u00e9s a aquest lloc web, tot i que posar\u00e0 els seus majors esfor\u00e7os per evitar-los.<\/p>\n<h2><\/h2>\n<h2><strong>II. POL\u00cdTICA DE PRIVACITAT<\/strong><\/h2>\n<p>En compliment del REGLAMENT (UE) 2016\/679 DEL PARLAMENT EUROPEU I DEL CONSELL de 27 d\u2019Abril de 2016, relatiu a la protecci\u00f3 de les persones f\u00edsiques pel que fa al tractament de dades personals i a la lliure circulaci\u00f3 d\u2019aquestes dades i la seva normativa de desenvolupament, se li informa que les dades personals proporcionades per vost\u00e8 seran tractades amb les seg\u00fcents finalitats:<\/p>\n<p>&#8211; Informar sobre els nostres productes i serveis, quan aix\u00ed ho sol\u00b7liciti.<\/p>\n<p>&#8211; Donar contestaci\u00f3 i gestionar les seves consultes, comentaris i suggeriments, si s\u2019escau.<\/p>\n<p>&#8211; Gestionar la seva participaci\u00f3 en presents i futurs processos de selecci\u00f3, quan ens faci arribar les seves dades (incl\u00f2s el seu curr\u00edculum) amb aquesta finalitat. Quan iniciem algun proc\u00e9s de selecci\u00f3 on pugui encaixar el seu perfil, ens posarem en contacte amb vost\u00e8. Mantindrem les seves dades personals durant un per\u00edode de dos anys per tal de poder comptar amb la seva participaci\u00f3 en futurs processos.<\/p>\n<p>Mitjan\u00e7ant l\u2019emplenament de formularis de contacte de la web o mitjan\u00e7ant l\u2019enviament de correus electr\u00f2nics o qualsevol altre tipus de sol\u00b7licitud d\u2019informaci\u00f3 remesa a JOSEP CALBET SALESAS, l\u2019interessat d\u00f3na el seu consentiment expr\u00e9s per al tractament de les seves dades personals.<\/p>\n<p>En cap cas JOSEP CALBET SALESAS, utilitzar\u00e0 les dades personals dels interessats per a fins diferents dels anteriorment esmentats, ni les comunicar\u00e0 a tercers sense el consentiment previ i expr\u00e9s de l\u2019afectat, i es compromet a guardar el degut secret professional ia establir les mesures t\u00e8cniques i organitzatives necess\u00e0ries per salvaguardar la informaci\u00f3 conforme als requeriments que estableix l\u2019esmentat Reglament.<br \/>\nLes seves dades personals es conservaran en els nostres registres durant un per\u00edode de dos anys. No obstant aix\u00f2, en qualsevol moment vost\u00e8 pot demanar l\u2019acc\u00e9s a les seves dades personals i la seva rectificaci\u00f3 o supressi\u00f3. Aix\u00ed com, limitar el seu tractament, o directament oposar-se al tractament o exercir el dret a la portabilitat dels mateixos.<\/p>\n<p>Tamb\u00e9 li informem del seu dret a presentar una reclamaci\u00f3 davant l\u2019Ag\u00e8ncia Espanyola de Protecci\u00f3 de Dades, si considera que en el tractament de les seves dades no s\u2019estan respectant els seus drets.<\/p>\n<p><strong>POL\u00cdTICA DE PROTECCI\u00d3 DE MENORS<\/strong><\/p>\n<p>Qui facilita les dades a trav\u00e9s dels formularis d\u2019aquest web i accepta el seu tractament declara formalment ser major de 13 anys.<br \/>\nQueda prohibit l\u2019acc\u00e9s i \u00fas del portal als menors de 13 anys d\u2019edat.<br \/>\nJOSEP CALBET SALESAS recorda a les persones majors d\u2019edat que tinguin al seu c\u00e0rrec menors, que ser\u00e0 de la seva exclusiva responsabilitat si algun menor incorpora les seves dades per a sol\u00b7licitar algun producte.<br \/>\nTamb\u00e9 els informa que existeixen programes inform\u00e0tics per acotar la navegaci\u00f3 mitjan\u00e7ant el filtre o bloqueig a determinats continguts.<\/p>\n<p><strong>XARXES SOCIALS<\/strong><\/p>\n<p>En seguir el nostre perfil a les xarxes socials consent expressament el tractament de les seves dades personals conforme a la seva pol\u00edtica de privacitat. Tamb\u00e9 consent expressament l\u2019acc\u00e9s de JOSEP CALBET SALESAS al tractament de les seves dades contingudes en la llista d\u2019amics i al fet que al fet que les not\u00edcies publicades sobre qualsevol producte de JOSEP CALBET SALESAS apareguin en el seu mur. De conformitat amb el REGLAMENT (UE) 2016\/679 del Parlament Europeu, l\u2019informem que les dades personals dels seguidors de JOSEP CALBET SALESAS, seran incorporades a un fitxer el titular del qual \u00e9s JOSEP CALBET SALESAS amb la finalitat de mantenir informats a trav\u00e9s de les xarxes socials sobre not\u00edcies relatives a les activitats de JOSEP CALBET SALESAS.<br \/>\nLa seva petici\u00f3 per connectar, implica necess\u00e0riament el seu consentiment per als tractaments assenyalats.<br \/>\nLa publicaci\u00f3 de comentaris i continguts a les xarxes socials es convertiran en informaci\u00f3 p\u00fablica, de manera que els usuaris hauran de tenir especial cautela quan decideixin compartir la seva informaci\u00f3 personal. JOSEP CALBET SALESAS no es fa responsable per la informaci\u00f3 que els usuaris incorporin a la p\u00e0gina. No obstant aix\u00f2, les persones les dades personals estiguin publicats o estiguin inclosos en<br \/>\ncomentaris, podran sol\u00b7licitar a JOSEP CALBET SALESAS la cancel\u00b7laci\u00f3 dels mateixos.<br \/>\nEn qualsevol moment, vost\u00e8 pot exercir els drets d\u2019acc\u00e9s, rectificaci\u00f3, supressi\u00f3 i oposici\u00f3, limitar el tractament de les seves dades, o directament oposar-se al tractament, o exercir el dret a la portabilitat dels mateixos, mitjan\u00e7ant escrit dirigit a JOSEP CALBET SALESAS. En cas de disconformitat amb el tractament, tamb\u00e9 t\u00e9 dret a presentar una reclamaci\u00f3 davant l\u2019Ag\u00e8ncia Espanyola de Protecci\u00f3 de Dades.<\/p>\n<p><strong>ENLLA\u00c7OS A ALTRES WEBS <\/strong><\/p>\n<p>Els enlla\u00e7os (links) que pot trobar en aquesta web s\u00f3n un servei als usuaris. Aquestes p\u00e0gines no s\u00f3n operades ni controlades per JOSEP CALBET SALESAS, per aix\u00f2, no es fa responsable dels continguts d\u2019aquests llocs web ni estan cobertes pel present Av\u00eds Legal. Si accedeix a aquestes p\u00e0gines Web haur\u00e0 de tenir en compte que les seves pol\u00edtiques de privacitat poden ser diferents a la nostra.<\/p>\n<p><strong>LEGISLACI\u00d3 APLICABLE I COMPET\u00c8NCIA JURISDICCIONAL<\/strong><\/p>\n<p>El present Av\u00eds Legal es regeix per la normativa espanyola vigent que li \u00e9s d\u2019aplicaci\u00f3. Per a la resoluci\u00f3 de les controv\u00e8rsies que es puguin derivar com a conseq\u00fc\u00e8ncia del que disposen les presents disposicions i sobre la seva interpretaci\u00f3, aplicaci\u00f3 i compliment. L\u2019usuari, en virtut de l\u2019acceptaci\u00f3 de les condicions recollides en aquest Av\u00eds legal, renuncia expressament a qualsevol altre fur que pogu\u00e9s<br \/>\ncorrespondre-li.<\/p>\n<p>En qualsevol cas, dins de la jurisdicci\u00f3 espanyola, si la legislaci\u00f3 permet\u00e9s sotmetre a un fur en concret, l\u2019usuari renuncia expressament al fur que pogu\u00e9s correspondre-i se sotmet volunt\u00e0riament a la jurisdicci\u00f3 dels Jutjats i Tribunals de BARCELONA.<\/p>\n\t\t\t\t\t\t\t\t<\/div>\n\t\t\t\t<\/div>\n\t\t\t\t\t<\/div>\n\t\t<\/div>\n\t\t\t\t\t<\/div>\n\t\t<\/section>\n\t\t\t\t<\/div>\n\t\t","protected":false},"excerpt":{"rendered":"<p>I. AV\u00cdS LEGAL IDENTIFICACI\u00d3 En compliment amb el deure d\u2019informaci\u00f3 recollit en article 10 de la Llei 34\/2002, de 11 de juliol, de Serveis de la Societat de la Informaci\u00f3 i del Comer\u00e7 Electr\u00f2nic, JOSEP CALBET SALESAS (JOSEP CALBET SALESAS), li informa que les dades aqu\u00ed consignades corresponen a l\u2019entitat titular del lloc web neuroquotient.com. [&hellip;]<\/p>\n","protected":false},"author":1,"featured_media":0,"parent":0,"menu_order":0,"comment_status":"closed","ping_status":"open","template":"","meta":{"ocean_post_layout":"","ocean_both_sidebars_style":"","ocean_both_sidebars_content_width":0,"ocean_both_sidebars_sidebars_width":0,"ocean_sidebar":"0","ocean_second_sidebar":"0","ocean_disable_margins":"enable","ocean_add_body_class":"","ocean_shortcode_before_top_bar":"","ocean_shortcode_after_top_bar":"","ocean_shortcode_before_header":"","ocean_shortcode_after_header":"","ocean_has_shortcode":"","ocean_shortcode_after_title":"","ocean_shortcode_before_footer_widgets":"","ocean_shortcode_after_footer_widgets":"","ocean_shortcode_before_footer_bottom":"","ocean_shortcode_after_footer_bottom":"","ocean_display_top_bar":"default","ocean_display_header":"default","ocean_header_style":"","ocean_center_header_left_menu":"0","ocean_custom_header_template":"0","ocean_custom_logo":0,"ocean_custom_retina_logo":0,"ocean_custom_logo_max_width":0,"ocean_custom_logo_tablet_max_width":0,"ocean_custom_logo_mobile_max_width":0,"ocean_custom_logo_max_height":0,"ocean_custom_logo_tablet_max_height":0,"ocean_custom_logo_mobile_max_height":0,"ocean_header_custom_menu":"0","ocean_menu_typo_font_family":"0","ocean_menu_typo_font_subset":"","ocean_menu_typo_font_size":0,"ocean_menu_typo_font_size_tablet":0,"ocean_menu_typo_font_size_mobile":0,"ocean_menu_typo_font_size_unit":"px","ocean_menu_typo_font_weight":"","ocean_menu_typo_font_weight_tablet":"","ocean_menu_typo_font_weight_mobile":"","ocean_menu_typo_transform":"","ocean_menu_typo_transform_tablet":"","ocean_menu_typo_transform_mobile":"","ocean_menu_typo_line_height":0,"ocean_menu_typo_line_height_tablet":0,"ocean_menu_typo_line_height_mobile":0,"ocean_menu_typo_line_height_unit":"","ocean_menu_typo_spacing":0,"ocean_menu_typo_spacing_tablet":0,"ocean_menu_typo_spacing_mobile":0,"ocean_menu_typo_spacing_unit":"","ocean_menu_link_color":"","ocean_menu_link_color_hover":"","ocean_menu_link_color_active":"","ocean_menu_link_background":"","ocean_menu_link_hover_background":"","ocean_menu_link_active_background":"","ocean_menu_social_links_bg":"","ocean_menu_social_hover_links_bg":"","ocean_menu_social_links_color":"","ocean_menu_social_hover_links_color":"","ocean_disable_title":"default","ocean_disable_heading":"default","ocean_post_title":"","ocean_post_subheading":"","ocean_post_title_style":"","ocean_post_title_background_color":"","ocean_post_title_background":0,"ocean_post_title_bg_image_position":"","ocean_post_title_bg_image_attachment":"","ocean_post_title_bg_image_repeat":"","ocean_post_title_bg_image_size":"","ocean_post_title_height":0,"ocean_post_title_bg_overlay":0.5,"ocean_post_title_bg_overlay_color":"","ocean_disable_breadcrumbs":"default","ocean_breadcrumbs_color":"","ocean_breadcrumbs_separator_color":"","ocean_breadcrumbs_links_color":"","ocean_breadcrumbs_links_hover_color":"","ocean_display_footer_widgets":"default","ocean_display_footer_bottom":"default","ocean_custom_footer_template":"0","footnotes":""},"class_list":["post-2433","page","type-page","status-publish","hentry","entry"],"yoast_head":"<!-- This site is optimized with the Yoast SEO plugin v27.3 - https:\/\/yoast.com\/product\/yoast-seo-wordpress\/ -->\n<title>Av\u00eds Legal i Pol\u00edtica de Privacitat - Neuroquotient<\/title>\n<meta name=\"robots\" content=\"index, follow, max-snippet:-1, max-image-preview:large, max-video-preview:-1\" \/>\n<link rel=\"canonical\" href=\"https:\/\/neuroquotient.com\/ca\/avis-legal-i-privacitat\/\" \/>\n<meta property=\"og:locale\" content=\"ca_ES\" \/>\n<meta property=\"og:type\" content=\"article\" \/>\n<meta property=\"og:title\" content=\"Av\u00eds Legal i Pol\u00edtica de Privacitat - Neuroquotient\" \/>\n<meta property=\"og:description\" content=\"I. AV\u00cdS LEGAL IDENTIFICACI\u00d3 En compliment amb el deure d\u2019informaci\u00f3 recollit en article 10 de la Llei 34\/2002, de 11 de juliol, de Serveis de la Societat de la Informaci\u00f3 i del Comer\u00e7 Electr\u00f2nic, JOSEP CALBET SALESAS (JOSEP CALBET SALESAS), li informa que les dades aqu\u00ed consignades corresponen a l\u2019entitat titular del lloc web neuroquotient.com. [&hellip;]\" \/>\n<meta property=\"og:url\" content=\"https:\/\/neuroquotient.com\/ca\/avis-legal-i-privacitat\/\" \/>\n<meta property=\"og:site_name\" content=\"Neuroquotient\" \/>\n<meta property=\"article:modified_time\" content=\"2024-12-12T16:26:49+00:00\" \/>\n<meta name=\"twitter:card\" content=\"summary_large_image\" \/>\n<meta name=\"twitter:label1\" content=\"Temps estimat de lectura\" \/>\n\t<meta name=\"twitter:data1\" content=\"7 minuts\" \/>\n<script type=\"application\/ld+json\" class=\"yoast-schema-graph\">{\"@context\":\"https:\\\/\\\/schema.org\",\"@graph\":[{\"@type\":\"WebPage\",\"@id\":\"https:\\\/\\\/neuroquotient.com\\\/ca\\\/avis-legal-i-privacitat\\\/\",\"url\":\"https:\\\/\\\/neuroquotient.com\\\/ca\\\/avis-legal-i-privacitat\\\/\",\"name\":\"Av\u00eds Legal i Pol\u00edtica de Privacitat - Neuroquotient\",\"isPartOf\":{\"@id\":\"https:\\\/\\\/neuroquotient.com\\\/ca\\\/#website\"},\"datePublished\":\"2022-03-18T08:54:30+00:00\",\"dateModified\":\"2024-12-12T16:26:49+00:00\",\"breadcrumb\":{\"@id\":\"https:\\\/\\\/neuroquotient.com\\\/ca\\\/avis-legal-i-privacitat\\\/#breadcrumb\"},\"inLanguage\":\"ca\",\"potentialAction\":[{\"@type\":\"ReadAction\",\"target\":[\"https:\\\/\\\/neuroquotient.com\\\/ca\\\/avis-legal-i-privacitat\\\/\"]}]},{\"@type\":\"BreadcrumbList\",\"@id\":\"https:\\\/\\\/neuroquotient.com\\\/ca\\\/avis-legal-i-privacitat\\\/#breadcrumb\",\"itemListElement\":[{\"@type\":\"ListItem\",\"position\":1,\"name\":\"Portada\",\"item\":\"https:\\\/\\\/neuroquotient.com\\\/ca\\\/\"},{\"@type\":\"ListItem\",\"position\":2,\"name\":\"Av\u00eds Legal i Pol\u00edtica de Privacitat\"}]},{\"@type\":\"WebSite\",\"@id\":\"https:\\\/\\\/neuroquotient.com\\\/ca\\\/#website\",\"url\":\"https:\\\/\\\/neuroquotient.com\\\/ca\\\/\",\"name\":\"Neuroquotient\",\"description\":\"La herramienta al servicio del crecimiento de las personas\",\"publisher\":{\"@id\":\"https:\\\/\\\/neuroquotient.com\\\/ca\\\/#organization\"},\"potentialAction\":[{\"@type\":\"SearchAction\",\"target\":{\"@type\":\"EntryPoint\",\"urlTemplate\":\"https:\\\/\\\/neuroquotient.com\\\/ca\\\/?s={search_term_string}\"},\"query-input\":{\"@type\":\"PropertyValueSpecification\",\"valueRequired\":true,\"valueName\":\"search_term_string\"}}],\"inLanguage\":\"ca\"},{\"@type\":\"Organization\",\"@id\":\"https:\\\/\\\/neuroquotient.com\\\/ca\\\/#organization\",\"name\":\"Neuroquotient\",\"url\":\"https:\\\/\\\/neuroquotient.com\\\/ca\\\/\",\"logo\":{\"@type\":\"ImageObject\",\"inLanguage\":\"ca\",\"@id\":\"https:\\\/\\\/neuroquotient.com\\\/ca\\\/#\\\/schema\\\/logo\\\/image\\\/\",\"url\":\"https:\\\/\\\/neuroquotient.com\\\/wp-content\\\/uploads\\\/2022\\\/03\\\/neuroquotient.png\",\"contentUrl\":\"https:\\\/\\\/neuroquotient.com\\\/wp-content\\\/uploads\\\/2022\\\/03\\\/neuroquotient.png\",\"width\":238,\"height\":100,\"caption\":\"Neuroquotient\"},\"image\":{\"@id\":\"https:\\\/\\\/neuroquotient.com\\\/ca\\\/#\\\/schema\\\/logo\\\/image\\\/\"}}]}<\/script>\n<!-- \/ Yoast SEO plugin. -->","yoast_head_json":{"title":"Av\u00eds Legal i Pol\u00edtica de Privacitat - Neuroquotient","robots":{"index":"index","follow":"follow","max-snippet":"max-snippet:-1","max-image-preview":"max-image-preview:large","max-video-preview":"max-video-preview:-1"},"canonical":"https:\/\/neuroquotient.com\/ca\/avis-legal-i-privacitat\/","og_locale":"ca_ES","og_type":"article","og_title":"Av\u00eds Legal i Pol\u00edtica de Privacitat - Neuroquotient","og_description":"I. AV\u00cdS LEGAL IDENTIFICACI\u00d3 En compliment amb el deure d\u2019informaci\u00f3 recollit en article 10 de la Llei 34\/2002, de 11 de juliol, de Serveis de la Societat de la Informaci\u00f3 i del Comer\u00e7 Electr\u00f2nic, JOSEP CALBET SALESAS (JOSEP CALBET SALESAS), li informa que les dades aqu\u00ed consignades corresponen a l\u2019entitat titular del lloc web neuroquotient.com. [&hellip;]","og_url":"https:\/\/neuroquotient.com\/ca\/avis-legal-i-privacitat\/","og_site_name":"Neuroquotient","article_modified_time":"2024-12-12T16:26:49+00:00","twitter_card":"summary_large_image","twitter_misc":{"Temps estimat de lectura":"7 minuts"},"schema":{"@context":"https:\/\/schema.org","@graph":[{"@type":"WebPage","@id":"https:\/\/neuroquotient.com\/ca\/avis-legal-i-privacitat\/","url":"https:\/\/neuroquotient.com\/ca\/avis-legal-i-privacitat\/","name":"Av\u00eds Legal i Pol\u00edtica de Privacitat - Neuroquotient","isPartOf":{"@id":"https:\/\/neuroquotient.com\/ca\/#website"},"datePublished":"2022-03-18T08:54:30+00:00","dateModified":"2024-12-12T16:26:49+00:00","breadcrumb":{"@id":"https:\/\/neuroquotient.com\/ca\/avis-legal-i-privacitat\/#breadcrumb"},"inLanguage":"ca","potentialAction":[{"@type":"ReadAction","target":["https:\/\/neuroquotient.com\/ca\/avis-legal-i-privacitat\/"]}]},{"@type":"BreadcrumbList","@id":"https:\/\/neuroquotient.com\/ca\/avis-legal-i-privacitat\/#breadcrumb","itemListElement":[{"@type":"ListItem","position":1,"name":"Portada","item":"https:\/\/neuroquotient.com\/ca\/"},{"@type":"ListItem","position":2,"name":"Av\u00eds Legal i Pol\u00edtica de Privacitat"}]},{"@type":"WebSite","@id":"https:\/\/neuroquotient.com\/ca\/#website","url":"https:\/\/neuroquotient.com\/ca\/","name":"Neuroquotient","description":"La herramienta al servicio del crecimiento de las personas","publisher":{"@id":"https:\/\/neuroquotient.com\/ca\/#organization"},"potentialAction":[{"@type":"SearchAction","target":{"@type":"EntryPoint","urlTemplate":"https:\/\/neuroquotient.com\/ca\/?s={search_term_string}"},"query-input":{"@type":"PropertyValueSpecification","valueRequired":true,"valueName":"search_term_string"}}],"inLanguage":"ca"},{"@type":"Organization","@id":"https:\/\/neuroquotient.com\/ca\/#organization","name":"Neuroquotient","url":"https:\/\/neuroquotient.com\/ca\/","logo":{"@type":"ImageObject","inLanguage":"ca","@id":"https:\/\/neuroquotient.com\/ca\/#\/schema\/logo\/image\/","url":"https:\/\/neuroquotient.com\/wp-content\/uploads\/2022\/03\/neuroquotient.png","contentUrl":"https:\/\/neuroquotient.com\/wp-content\/uploads\/2022\/03\/neuroquotient.png","width":238,"height":100,"caption":"Neuroquotient"},"image":{"@id":"https:\/\/neuroquotient.com\/ca\/#\/schema\/logo\/image\/"}}]}},"_links":{"self":[{"href":"https:\/\/neuroquotient.com\/ca\/wp-json\/wp\/v2\/pages\/2433","targetHints":{"allow":["GET"]}}],"collection":[{"href":"https:\/\/neuroquotient.com\/ca\/wp-json\/wp\/v2\/pages"}],"about":[{"href":"https:\/\/neuroquotient.com\/ca\/wp-json\/wp\/v2\/types\/page"}],"author":[{"embeddable":true,"href":"https:\/\/neuroquotient.com\/ca\/wp-json\/wp\/v2\/users\/1"}],"replies":[{"embeddable":true,"href":"https:\/\/neuroquotient.com\/ca\/wp-json\/wp\/v2\/comments?post=2433"}],"version-history":[{"count":7,"href":"https:\/\/neuroquotient.com\/ca\/wp-json\/wp\/v2\/pages\/2433\/revisions"}],"predecessor-version":[{"id":2479,"href":"https:\/\/neuroquotient.com\/ca\/wp-json\/wp\/v2\/pages\/2433\/revisions\/2479"}],"wp:attachment":[{"href":"https:\/\/neuroquotient.com\/ca\/wp-json\/wp\/v2\/media?parent=2433"}],"curies":[{"name":"wp","href":"https:\/\/api.w.org\/{rel}","templated":true}]}}